{"id":266,"date":"2024-04-09T23:13:45","date_gmt":"2024-04-09T23:13:45","guid":{"rendered":"http:\/\/tlclaboratorio.synology.me\/maqueta1\/?page_id=266"},"modified":"2024-05-23T23:06:34","modified_gmt":"2024-05-23T23:06:34","slug":"sobre-nosotros","status":"publish","type":"page","link":"https:\/\/urbanizacionelbosque.org\/index.php\/sobre-nosotros\/","title":{"rendered":"SOBRE NOSOTROS"},"content":{"rendered":"<p>[et_pb_section fb_built=\u00bb1&#8243; next_background_color=\u00bb#ffffff\u00bb _builder_version=\u00bb4.25.1&#8243; _module_preset=\u00bbdefault\u00bb use_background_color_gradient=\u00bbon\u00bb background_color_gradient_direction=\u00bb123deg\u00bb background_color_gradient_stops=\u00bbrgba(255,255,255,0.86) 56%|#ffb600 56%\u00bb background_color_gradient_overlays_image=\u00bbon\u00bb background_image=\u00bbhttps:\/\/urbanizacionelbosque.org\/wp-content\/uploads\/2024\/04\/blobid1536576518321.jpg\u00bb background_position=\u00bbbottom_center\u00bb background_vertical_offset=\u00bb77%\u00bb custom_margin=\u00bb||-54px|||\u00bb custom_padding=\u00bb169px||0px|||\u00bb bottom_divider_style=\u00bbslant\u00bb da_disable_devices=\u00bboff|off|off\u00bb locked=\u00bboff\u00bb global_colors_info=\u00bb{}\u00bb da_is_popup=\u00bboff\u00bb da_exit_intent=\u00bboff\u00bb da_has_close=\u00bbon\u00bb da_alt_close=\u00bboff\u00bb da_dark_close=\u00bboff\u00bb da_not_modal=\u00bbon\u00bb da_is_singular=\u00bboff\u00bb da_with_loader=\u00bboff\u00bb da_has_shadow=\u00bbon\u00bb][\/et_pb_section][et_pb_section fb_built=\u00bb1&#8243; admin_label=\u00bbOffers\u00bb _builder_version=\u00bb4.16&#8243; custom_padding=\u00bb15px||7px|||\u00bb da_disable_devices=\u00bboff|off|off\u00bb global_colors_info=\u00bb{}\u00bb da_is_popup=\u00bboff\u00bb da_exit_intent=\u00bboff\u00bb da_has_close=\u00bbon\u00bb da_alt_close=\u00bboff\u00bb da_dark_close=\u00bboff\u00bb da_not_modal=\u00bbon\u00bb da_is_singular=\u00bboff\u00bb da_with_loader=\u00bboff\u00bb da_has_shadow=\u00bbon\u00bb][et_pb_row column_structure=\u00bb1_2,1_2&#8243; make_equal=\u00bbon\u00bb _builder_version=\u00bb4.25.1&#8243; custom_padding=\u00bb27px|0px|0|0px|false|false\u00bb locked=\u00bboff\u00bb global_colors_info=\u00bb{}\u00bb][et_pb_column type=\u00bb1_2&#8243; _builder_version=\u00bb4.24.0&#8243; background_enable_image=\u00bboff\u00bb custom_padding=\u00bb|||\u00bb global_colors_info=\u00bb{}\u00bb custom_padding__hover=\u00bb|||\u00bb][et_pb_text _builder_version=\u00bb4.25.1&#8243; text_font=\u00bbOpen Sans|700||on|||||\u00bb text_text_color=\u00bb#ffffff\u00bb text_font_size=\u00bb27px\u00bb text_letter_spacing=\u00bb6px\u00bb text_line_height=\u00bb1.6em\u00bb header_font=\u00bb||||||||\u00bb background_color=\u00bb#201C35&#8243; background_color_gradient_direction=\u00bb90deg\u00bb text_orientation=\u00bbcenter\u00bb custom_margin=\u00bb-90px|-30px|10%|\u00bb custom_margin_tablet=\u00bb|0px|30px||false|false\u00bb custom_margin_phone=\u00bb\u00bb custom_margin_last_edited=\u00bbon|phone\u00bb custom_padding=\u00bb62px|40px|62px|40px|true|true\u00bb custom_padding_tablet=\u00bb40px||40px||true|true\u00bb custom_padding_phone=\u00bb\u00bb custom_padding_last_edited=\u00bbon|tablet\u00bb hover_enabled=\u00bb0&#8243; text_font_size_tablet=\u00bb27px\u00bb text_font_size_phone=\u00bb20px\u00bb text_font_size_last_edited=\u00bbon|phone\u00bb box_shadow_style=\u00bbpreset3&#8243; box_shadow_horizontal=\u00bb15px\u00bb box_shadow_vertical=\u00bb46px\u00bb box_shadow_blur=\u00bb64px\u00bb box_shadow_spread=\u00bb-20px\u00bb box_shadow_color=\u00bbrgba(1,4,66,0.18)\u00bb locked=\u00bboff\u00bb global_colors_info=\u00bb{}\u00bb background__hover_enabled=\u00bbon|desktop\u00bb background_color__hover=\u00bb#36486b\u00bb text_text_color__hover=\u00bb#ffffff\u00bb sticky_enabled=\u00bb0&#8243;]<\/p>\n<p>Entidad Urban\u00edstica El Bosque<\/p>\n<p>[\/et_pb_text][et_pb_cta button_url=\u00bb#\u00bb _builder_version=\u00bb4.24.0&#8243; header_font=\u00bbGilda Display||||||||\u00bb header_font_size=\u00bb26px\u00bb header_line_height=\u00bb1.3em\u00bb background_image=\u00bbhttps:\/\/urbanizacionelbosque.org\/wp-content\/uploads\/2024\/04\/unnamed.jpg\u00bb custom_button=\u00bbon\u00bb button_text_size=\u00bb16px\u00bb button_text_color=\u00bb#ffffff\u00bb button_bg_color=\u00bb#007fff\u00bb button_bg_color_gradient_direction=\u00bb190deg\u00bb button_bg_color_gradient_stops=\u00bbrgba(255,255,255,0) 0%|rgba(255,255,255,0.28) 100%\u00bb button_bg_color_gradient_start=\u00bbrgba(255,255,255,0)\u00bb button_bg_color_gradient_end=\u00bbrgba(255,255,255,0.28)\u00bb button_border_width=\u00bb8px\u00bb button_border_color=\u00bbrgba(0,0,0,0)\u00bb button_border_radius=\u00bb0px\u00bb button_font=\u00bbOpen Sans|600|||||||\u00bb button_use_icon=\u00bboff\u00bb custom_margin=\u00bb48px|||||\u00bb custom_padding=\u00bb190px||60px||false\u00bb global_colors_info=\u00bb{}\u00bb button_text_color__hover=\u00bb#0f87ff\u00bb button_bg_color__hover=\u00bb#1c8dff\u00bb button_bg_color__hover_enabled=\u00bbon\u00bb][\/et_pb_cta][\/et_pb_column][et_pb_column type=\u00bb1_2&#8243; _builder_version=\u00bb4.16&#8243; custom_padding=\u00bb|||\u00bb global_colors_info=\u00bb{}\u00bb custom_padding__hover=\u00bb|||\u00bb][et_pb_image src=\u00bbhttps:\/\/urbanizacionelbosque.org\/wp-content\/uploads\/2024\/02\/Recurso-4-e1492100235975.webp\u00bb title_text=\u00bbRecurso-4-e1492100235975&#8243; align=\u00bbcenter\u00bb _builder_version=\u00bb4.24.0&#8243; _module_preset=\u00bbdefault\u00bb custom_margin=\u00bb|39px|29px|||\u00bb global_colors_info=\u00bb{}\u00bb][\/et_pb_image][et_pb_text _builder_version=\u00bb4.25.1&#8243; text_font=\u00bbVerdana|300|||||||\u00bb text_text_color=\u00bb#0A0000&#8243; text_font_size=\u00bb17px\u00bb text_line_height=\u00bb2em\u00bb header_font=\u00bb||||||||\u00bb header_2_font=\u00bbGilda Display||||||||\u00bb header_2_font_size=\u00bb60px\u00bb header_2_line_height=\u00bb1.2em\u00bb text_orientation=\u00bbjustified\u00bb max_width=\u00bb550px\u00bb header_2_font_size_tablet=\u00bb40px\u00bb header_2_font_size_phone=\u00bb30px\u00bb header_2_font_size_last_edited=\u00bbon|phone\u00bb locked=\u00bboff\u00bb global_colors_info=\u00bb{}\u00bb]<\/p>\n<p>Entidad urban\u00edstica colaboradora de la conservaci\u00f3n de la urbanizacion El Bosque de Villaviciosa De Odon.\u00a0<\/p>\n<p>[\/et_pb_text][et_pb_image src=\u00bbhttps:\/\/urbanizacionelbosque.org\/wp-content\/uploads\/2024\/02\/blobid1538671604916.jpg\u00bb title_text=\u00bbblobid1538671604916&#8243; align=\u00bbright\u00bb _builder_version=\u00bb4.25.1&#8243; _module_preset=\u00bbdefault\u00bb module_alignment=\u00bbcenter\u00bb custom_margin=\u00bb|47px||||\u00bb global_colors_info=\u00bb{}\u00bb][\/et_pb_image][\/et_pb_column][\/et_pb_row][et_pb_row column_structure=\u00bb3_4,1_4&#8243; _builder_version=\u00bb4.25.1&#8243; _module_preset=\u00bbdefault\u00bb custom_padding=\u00bb51px||13px|||\u00bb global_colors_info=\u00bb{}\u00bb][et_pb_column type=\u00bb3_4&#8243; _builder_version=\u00bb4.25.1&#8243; _module_preset=\u00bbdefault\u00bb global_colors_info=\u00bb{}\u00bb][et_pb_text _builder_version=\u00bb4.25.1&#8243; text_font=\u00bbOpen Sans|700||on|||||\u00bb text_text_color=\u00bb#ffffff\u00bb text_font_size=\u00bb27px\u00bb text_letter_spacing=\u00bb6px\u00bb text_line_height=\u00bb1.6em\u00bb header_font=\u00bb||||||||\u00bb background_color=\u00bb#201C35&#8243; background_color_gradient_direction=\u00bb90deg\u00bb text_orientation=\u00bbcenter\u00bb custom_margin=\u00bb6px|-30px|4.2%|||\u00bb custom_margin_tablet=\u00bb0px|0px|30px|\u00bb custom_margin_phone=\u00bb\u00bb custom_margin_last_edited=\u00bbon|tablet\u00bb custom_padding=\u00bb12px|40px|12px|40px|true|true\u00bb custom_padding_tablet=\u00bb40px||40px||true\u00bb custom_padding_phone=\u00bb\u00bb custom_padding_last_edited=\u00bbon|tablet\u00bb hover_enabled=\u00bb0&#8243; text_font_size_tablet=\u00bb27px\u00bb text_font_size_phone=\u00bb20px\u00bb text_font_size_last_edited=\u00bbon|phone\u00bb box_shadow_style=\u00bbpreset3&#8243; box_shadow_horizontal=\u00bb15px\u00bb box_shadow_vertical=\u00bb46px\u00bb box_shadow_blur=\u00bb64px\u00bb box_shadow_spread=\u00bb-20px\u00bb box_shadow_color=\u00bbrgba(1,4,66,0.18)\u00bb locked=\u00bboff\u00bb global_colors_info=\u00bb{}\u00bb background__hover_enabled=\u00bbon|desktop\u00bb background_color__hover=\u00bb#36486b\u00bb text_text_color__hover=\u00bb#ffffff\u00bb sticky_enabled=\u00bb0&#8243;]<\/p>\n<p>GU\u00cdA DE LA NATURALEZA DE EL BOSQUE<\/p>\n<p>[\/et_pb_text][et_pb_text _builder_version=\u00bb4.25.1&#8243; _module_preset=\u00bbdefault\u00bb text_font_size=\u00bb16px\u00bb text_line_height=\u00bb1.8em\u00bb text_orientation=\u00bbjustified\u00bb text_font_size_tablet=\u00bb16px\u00bb text_font_size_phone=\u00bb14px\u00bb text_font_size_last_edited=\u00bbon|phone\u00bb global_colors_info=\u00bb{}\u00bb]<\/p>\n<p>La gu\u00eda que tienes en tus manos, es un extraordinario paseo por la flora y la fauna del lugar donde vivimos. Nuestra Urbanizaci\u00f3n cuanta con unas zonas verdes, que constituyen un verdadero tesoro natural, cuyo cuidado, conocimiento y conservaci\u00f3n debe ser tarea prioritaria y com\u00fan de todos los vecinos.A las zonas verdes habr\u00eda que sumar la vida natural de nuestras parcelas y jardines. Animales y plantas que son propios o que a todos nos pertenecen, libres en el aire que respiramos o en las copas de los \u00e1rboles.<\/p>\n<p>A esta riqueza habr\u00eda que a\u00f1adir los parajes naturales que nos circundan, con su alto valor ecol\u00f3gico: riberas y laderas, arroyos y r\u00edos.<\/p>\n<p>Esta gu\u00eda ha requerido un gran trabajo y una gran dedicaci\u00f3n a cargo de las personas que, con toda autoridad y desinteresadamente, la han hecho posible: los premiados bi\u00f3logos, Antonio Rosas Gonz\u00e1lez e Ignacio Doadrio, miembros del Equipo de Atapuerca, Premio Pr\u00edncipe de Asturias de Investigaci\u00f3n Cient\u00edfica y T\u00e9cnica. Nuestro agradecimiento tambi\u00e9n a Paloma Garz\u00f3n, Blanca P\u00e9rez, Vidal de Teresa e Ignacio Casado. Y al vocal de Medio Ambiente de la Entidad Urban\u00edstica \u201cEl Bosque\u201d; Manuel L\u00f3pez, que ha coordinado este trabajo.<\/p>\n<p>Y una recomendaci\u00f3n sincera: comparte esta gu\u00eda con tus hijos. Ser\u00e1 una manera extraordinaria de compartir la vida y la naturaleza. 0 lo que es lo mismo, el futuro.<\/p>\n<p>[\/et_pb_text][\/et_pb_column][et_pb_column type=\u00bb1_4&#8243; _builder_version=\u00bb4.25.1&#8243; _module_preset=\u00bbdefault\u00bb global_colors_info=\u00bb{}\u00bb][et_pb_image src=\u00bbhttps:\/\/urbanizacionelbosque.org\/wp-content\/uploads\/2024\/05\/guia.webp\u00bb title_text=\u00bbguia\u00bb align=\u00bbcenter\u00bb _builder_version=\u00bb4.25.1&#8243; _module_preset=\u00bbdefault\u00bb custom_margin=\u00bb||47px|||\u00bb box_shadow_style=\u00bbpreset4&#8243; global_colors_info=\u00bb{}\u00bb][\/et_pb_image][et_pb_blurb use_icon=\u00bbon\u00bb font_icon=\u00bb&#xf1c1;||fa||400&#8243; icon_color=\u00bb#201C35&#8243; icon_placement=\u00bbleft\u00bb image_icon_width=\u00bb29px\u00bb _builder_version=\u00bb4.25.1&#8243; _module_preset=\u00bbdefault\u00bb header_font_size=\u00bb15px\u00bb body_text_align=\u00bbjustify\u00bb body_font_size=\u00bb12px\u00bb global_colors_info=\u00bb{}\u00bb]<\/p>\n<p>Gu\u00eda de la Naturaleza dividida en tres bloques (pdf): 1\u00ba Bloque, 2\u00ba Bloque, 3\u00ba Bloque<\/p>\n<p>[\/et_pb_blurb][et_pb_blurb title=\u00bbNota\u00bb use_icon=\u00bbon\u00bb font_icon=\u00bb&#x70;||divi||400&#8243; icon_color=\u00bb#201C35&#8243; icon_placement=\u00bbleft\u00bb image_icon_width=\u00bb29px\u00bb _builder_version=\u00bb4.25.1&#8243; _module_preset=\u00bbdefault\u00bb header_font_size=\u00bb15px\u00bb body_text_align=\u00bbjustify\u00bb body_font_size=\u00bb12px\u00bb global_colors_info=\u00bb{}\u00bb]<\/p>\n<p>Esta gu\u00eda se encuentra a disposici\u00f3n de todos los residentes de forma gratuita, en las oficinas de la Sede Social: C\/ Bidasoa, 3<\/p>\n<p>[\/et_pb_blurb][\/et_pb_column][\/et_pb_row][\/et_pb_section][et_pb_section fb_built=\u00bb1&#8243; fullwidth=\u00bbon\u00bb _builder_version=\u00bb4.24.0&#8243; use_background_color_gradient=\u00bbon\u00bb background_color_gradient_stops=\u00bb#ffffff 8%|rgba(255,255,255,0) 45%\u00bb background_color_gradient_overlays_image=\u00bbon\u00bb background_image=\u00bbhttps:\/\/urbanizacionelbosque.org\/wp-content\/uploads\/2024\/04\/blobid1536576518321.jpg\u00bb height=\u00bb852px\u00bb da_disable_devices=\u00bboff|off|off\u00bb global_colors_info=\u00bb{}\u00bb da_is_popup=\u00bboff\u00bb da_exit_intent=\u00bboff\u00bb da_has_close=\u00bbon\u00bb da_alt_close=\u00bboff\u00bb da_dark_close=\u00bboff\u00bb da_not_modal=\u00bbon\u00bb da_is_singular=\u00bboff\u00bb da_with_loader=\u00bboff\u00bb da_has_shadow=\u00bbon\u00bb][\/et_pb_section]<\/p>\n","protected":false},"excerpt":{"rendered":"<p>Entidad Urban\u00edstica El BosqueEntidad urban\u00edstica colaboradora de la conservaci\u00f3n de la urbanizacion El Bosque de Villaviciosa De Odon.\u00a0GU\u00cdA DE LA NATURALEZA DE EL BOSQUELa gu\u00eda que tienes en tus manos, es un extraordinario paseo por la flora y la fauna del lugar donde vivimos. Nuestra Urbanizaci\u00f3n cuanta con unas zonas verdes, que constituyen un verdadero [&hellip;]<\/p>\n","protected":false},"author":1,"featured_media":0,"parent":0,"menu_order":2,"comment_status":"closed","ping_status":"closed","template":"","meta":{"_et_pb_use_builder":"on","_et_pb_old_content":"","_et_gb_content_width":"","footnotes":""},"class_list":["post-266","page","type-page","status-publish","hentry"],"_links":{"self":[{"href":"https:\/\/urbanizacionelbosque.org\/index.php\/wp-json\/wp\/v2\/pages\/266","targetHints":{"allow":["GET"]}}],"collection":[{"href":"https:\/\/urbanizacionelbosque.org\/index.php\/wp-json\/wp\/v2\/pages"}],"about":[{"href":"https:\/\/urbanizacionelbosque.org\/index.php\/wp-json\/wp\/v2\/types\/page"}],"author":[{"embeddable":true,"href":"https:\/\/urbanizacionelbosque.org\/index.php\/wp-json\/wp\/v2\/users\/1"}],"replies":[{"embeddable":true,"href":"https:\/\/urbanizacionelbosque.org\/index.php\/wp-json\/wp\/v2\/comments?post=266"}],"version-history":[{"count":11,"href":"https:\/\/urbanizacionelbosque.org\/index.php\/wp-json\/wp\/v2\/pages\/266\/revisions"}],"predecessor-version":[{"id":6596,"href":"https:\/\/urbanizacionelbosque.org\/index.php\/wp-json\/wp\/v2\/pages\/266\/revisions\/6596"}],"wp:attachment":[{"href":"https:\/\/urbanizacionelbosque.org\/index.php\/wp-json\/wp\/v2\/media?parent=266"}],"curies":[{"name":"wp","href":"https:\/\/api.w.org\/{rel}","templated":true}]}}