{"id":2763,"date":"2018-05-17T19:25:11","date_gmt":"2018-05-17T17:25:11","guid":{"rendered":"http:\/\/www.urbanizacionelbosque.org\/?page_id=2763"},"modified":"2024-05-21T17:58:32","modified_gmt":"2024-05-21T17:58:32","slug":"privacidad","status":"publish","type":"page","link":"https:\/\/urbanizacionelbosque.org\/index.php\/aviso-legal-y-politicas\/privacidad\/","title":{"rendered":"Pol\u00edtica de Privacidad"},"content":{"rendered":"<strong>1. RESPONSABLE<\/strong>\n\n<strong>A. Datos de contacto del Responsable<\/strong>\n\nEl responsable de los datos recabados mediante esta web es ENTIDAD URBAN\u00cdSTICA COLABORADORA DE CONSERVACI\u00d3N EL BOSQUE DE VILLAVICIOSA DE OD\u00d3N con direcci\u00f3n CALLE BIDASOA, 3, URBANIZACI\u00d3N EL BOSQUE, 28670, VILLAVICIOSA DE OD\u00d3N ( MADRID) Y CIF G78338134. Usted podr\u00e1 contactar con el responsable mediante el siguiente Email <a href=\"mailto:gdpr@urbanizacionelbosque.org\">gdpr@urbanizacionelbosque.org<\/a> o en el tel\u00e9fono 916168444 \/ 916168401\n\n<strong>B. Identidad y datos de contacto del representante<\/strong>\n\nSONIA GUIJARRO TRASOBARES\n\nTel\u00e9fono 916168444 \/ 916168401\n\n&nbsp;\n<p style=\"text-align: justify;\"><strong>2. TRATAMIENTO DE DATOS PERSONALES<\/strong><\/p>\n<p style=\"text-align: justify;\">ENTIDAD URBAN\u00cdSTICA COLABORADORA DE CONSERVACI\u00d3N EL BOSQUE DE VILLAVICIOSA DE OD\u00d3N es el <strong>Responsable del tratamiento<\/strong> de los datos personales del <strong>Interesado <\/strong>y le informa de que estos datos ser\u00e1n tratados de conformidad con lo dispuesto en el Reglamento (UE) 2016\/679, de 27 de abril de 2016 (GDPR), por lo que se le facilita la siguiente informaci\u00f3n del tratamiento:<\/p>\n<p style=\"text-align: justify;\"><strong>Fines del tratamiento: <\/strong>seg\u00fan se especifica en el apartado de <em>cookies <\/em>que se utilizan en este sitio web.<!-- \/wp:post-content --><!-- wp:paragraph --><\/p>\n<p style=\"text-align: justify;\"><strong>Legitimaci\u00f3n del tratamiento<\/strong>: salvo en los casos en los que resulte necesario para la navegaci\u00f3n por la web, por consentimiento del interesado (art. 6.1 GDPR).<!-- \/wp:paragraph --><!-- wp:paragraph --><\/p>\n<p style=\"text-align: justify;\"><strong>Criterios de conservaci\u00f3n de los datos<\/strong>: seg\u00fan se especifica en el apartado de <em>cookies <\/em>utilizadas en la web.<!-- wp:paragraph \/--><\/p>\n<p style=\"text-align: justify;\"><strong>Comunicaci\u00f3n de los datos<\/strong>: no se comunicar\u00e1n los datos a terceros, excepto en cookies propiedad de terceros o por obligaci\u00f3n legal.<!-- wp:paragraph \/--><\/p>\n<p style=\"text-align: justify;\"><strong>Derechos que asisten al Interesado<\/strong>:<!-- \/wp:paragraph --><!-- wp:paragraph --><\/p>\n<p style=\"text-align: justify;\">&#8211; Derecho a retirar el consentimiento en cualquier momento. &#8211; Derecho de acceso, rectificaci\u00f3n, portabilidad y supresi\u00f3n de sus datos y a la limitaci\u00f3n u oposici\u00f3n a su tratamiento. &#8211; Derecho a presentar una reclamaci\u00f3n ante la Autoridad de control (www.aepd.es) si considera que el tratamiento no se ajusta a la normativa vigente.<!-- \/wp:paragraph --><!-- wp:paragraph --><\/p>\n<p style=\"text-align: justify;\"><strong>Datos de contacto para ejercer sus derechos:<\/strong><!-- \/wp:paragraph --><!-- wp:paragraph --><\/p>\n<p style=\"text-align: justify;\">Nombre de dominio: urbanizacionelbosque.org Nombre comercial: ENTIDAD URBAN\u00cdSTICA COLABORADORA DE CONSERVACI\u00d3N EL BOSQUE DE VILLAVICIOSA DE OD\u00d3N Denominaci\u00f3n social: ENTIDAD URBAN\u00cdSTICA COLABORADORA DE CONSERVACI\u00d3N EL BOSQUE DE VILLAVICIOSA DE OD\u00d3N E-mail: <a href=\"mailto:gdpr@urbanizacionelbosque.org\">gdpr@urbanizacionelbosque.org<\/a><\/p>\n&nbsp;\n\n<strong>3. FINALIDAD<\/strong>\n\n<strong>A. Descripci\u00f3n ampliada de los \ufb01nes del tratamiento<\/strong>\n<ul>\n \t<li>Publicidad y prospecci\u00f3n comercial<\/li>\n \t<li>Gesti\u00f3n de solicitudes<\/li>\n \t<li>Canal de denuncias<\/li>\n \t<li>Gesti\u00f3n de clientes, fiscal y administrativa<\/li>\n<\/ul>\n<strong>B. Plazos o criterios de conservaci\u00f3n de los datos<\/strong>\n\nConservaremos los datos durante el tiempo que sea necesario para atender la solicitud y cumplir con las obligaciones legales exigidas.\n\nLos datos que usted nos ha facilitado ser\u00e1n conservados mientras sean necesarios para las \ufb01nalidades indicadas en el punto 2.A., o tambi\u00e9n ser\u00e1n almacenadas por el tiempo exigido por distintas legislaciones aplicables.\n\n<strong>C. Decisiones automatizadas, per\ufb01les y l\u00f3gica aplicada<\/strong>\n\nLos datos recogidos mediante la p\u00e1gina web no ser\u00e1n utilizados para tomar decisiones automatizadas.\n\n&nbsp;\n\n<strong>4. LEGITIMACION<\/strong>\n\n<strong>A. Legislaci\u00f3n aplicable<\/strong>\n\nLa legislaci\u00f3n aplicada es el Reglamento General de Protecci\u00f3n de Datos 2016\/679 de 27 de abril de 2016 as\u00ed como la Ley Org\u00e1nica 3\/2018, de 5 de diciembre, de Protecci\u00f3n de Datos Personales y garant\u00eda de los derechos digitales.\n\n<strong>B. Detalles de la base jur\u00eddica del tratamiento, en los casos de obligaci\u00f3n legal, inter\u00e9s p\u00fablico o inter\u00e9s p\u00fablico o inter\u00e9s leg\u00edtimo<\/strong>\n\nArt. 6, apartado 1 letra a. Que considera el consentimiento del interesado como una base leg\u00edtima para el tratamiento de datos personales contenidos en este \ufb01chero.\nArt. 6, apartado 1 letra c. Que considera la existencia de una obligaci\u00f3n legal que prevalezca constituye una base leg\u00edtima para el tratamiento de datos personales contenidos en este \ufb01chero.\n\n<strong>C. Obligaci\u00f3n o no de facilitar datos y consecuencias de no hacerlo<\/strong>\n\nNo est\u00e1 obligado a facilitarnos los datos, sin embargo, ser\u00e1 necesario para poder gestionar las sugerencias o peticiones que necesite hacernos mediante la p\u00e1gina web.\n\n&nbsp;\n\n<strong>5. DESTINATARIOS<\/strong>\n\n<strong>A. Destinatarios<\/strong>\n\nOrganizaciones o personas directamente relacionadas con la empresa, Administraci\u00f3n p\u00fablica con competencia en la materia\n\n<strong>B. Destinatarios espec\u00ed\ufb01cos<\/strong>\n\nEs posible que encargados de tratamiento puedan acceder a los datos facilitados mediante esta p\u00e1gina web por el ejercicio de sus funciones de mantenimiento.\n\n<strong>C. Decisiones de adecuaci\u00f3n, garant\u00edas, normas corporativas vinculantes o situaciones espec\u00ed\ufb01cas aplicables<\/strong>\n\nNo existen.\n\n<strong>D. Transferencias internacionales<\/strong>\n\nNo existen\n\n&nbsp;\n\n<strong>6. DERECHOS<\/strong>\n\n<strong>A. C\u00f3mo ejercer los derechos de acceso, recti\ufb01caci\u00f3n, supresi\u00f3n y portabilidad de sus datos, y la limitaci\u00f3n u oposici\u00f3n a su tratamiento<\/strong>\n\nEl interesado podr\u00e1 conocer, modi\ufb01car, o eliminar los datos que la empresa posea acerca de su persona mediante el correo electr\u00f3nico gdpr@urbanizacionelbosque.org facilitando su DNI o bien por correo postal a CALLE BIDASOA, 3, URBANIZACI\u00d3N EL BOSQUE, 28670, VILLAVICIOSA DE OD\u00d3N ( MADRID). El interesado podr\u00e1 transferir sus datos a otra entidad o bien limitar los ya existentes que la empresa posea acerca de su persona mediante el correo electr\u00f3nico gdpr@urbanizacionelbosque.org facilitando su DNI o bien por correo postal a CALLE BIDASOA, 3, URBANIZACI\u00d3N EL BOSQUE, 28670, VILLAVICIOSA DE OD\u00d3N ( MADRID).\n\n<strong>B. Derecho a retirar el Consentimiento prestado<\/strong>\n\nEl interesado podr\u00e1 retirar los datos que la empresa posee acerca de su persona mediante el correo electr\u00f3nico gdpr@urbanizacionelbosque.org facilitando su DNI o bien por correo postal a CALLE BIDASOA, 3, URBANIZACI\u00d3N EL BOSQUE, 28670, VILLAVICIOSA DE OD\u00d3N ( MADRID).\n\n<strong>C. Derecho a reclamar ante la Autoridad de Control<\/strong>\n\nEl interesado podr\u00e1 reclamar ante la Agencia Espa\u00f1ola de Protecci\u00f3n de Datos acerca de toda incidencia que pueda surgirle.\n\n&nbsp;\n\n<strong>7. PROCEDENCIA<\/strong>\n\n<strong>A. Informaci\u00f3n detallada del origen de los datos<\/strong>\n\nFacilitados por el propio interesado\n\n<strong>B. Categor\u00edas de datos que se tratan<\/strong>\n<ul>\n \t<li>Nombre y Apellidos<\/li>\n \t<li>Direcci\u00f3n<\/li>\n \t<li>Imagen<\/li>\n \t<li>Tel\u00e9fono<\/li>\n \t<li>Email<\/li>\n<\/ul>","protected":false},"excerpt":{"rendered":"<p>1. RESPONSABLE A. Datos de contacto del Responsable El responsable de los datos recabados mediante esta web es ENTIDAD URBAN\u00cdSTICA COLABORADORA DE CONSERVACI\u00d3N EL BOSQUE DE VILLAVICIOSA DE OD\u00d3N con direcci\u00f3n CALLE BIDASOA, 3, URBANIZACI\u00d3N EL BOSQUE, 28670, VILLAVICIOSA DE OD\u00d3N ( MADRID) Y CIF G78338134. Usted podr\u00e1 contactar con el responsable mediante el siguiente [&hellip;]<\/p>\n","protected":false},"author":1,"featured_media":0,"parent":6505,"menu_order":0,"comment_status":"closed","ping_status":"closed","template":"","meta":{"_et_pb_use_builder":"","_et_pb_old_content":"","_et_gb_content_width":"1080","footnotes":""},"class_list":["post-2763","page","type-page","status-publish","hentry"],"_links":{"self":[{"href":"https:\/\/urbanizacionelbosque.org\/index.php\/wp-json\/wp\/v2\/pages\/2763","targetHints":{"allow":["GET"]}}],"collection":[{"href":"https:\/\/urbanizacionelbosque.org\/index.php\/wp-json\/wp\/v2\/pages"}],"about":[{"href":"https:\/\/urbanizacionelbosque.org\/index.php\/wp-json\/wp\/v2\/types\/page"}],"author":[{"embeddable":true,"href":"https:\/\/urbanizacionelbosque.org\/index.php\/wp-json\/wp\/v2\/users\/1"}],"replies":[{"embeddable":true,"href":"https:\/\/urbanizacionelbosque.org\/index.php\/wp-json\/wp\/v2\/comments?post=2763"}],"version-history":[{"count":2,"href":"https:\/\/urbanizacionelbosque.org\/index.php\/wp-json\/wp\/v2\/pages\/2763\/revisions"}],"predecessor-version":[{"id":6586,"href":"https:\/\/urbanizacionelbosque.org\/index.php\/wp-json\/wp\/v2\/pages\/2763\/revisions\/6586"}],"up":[{"embeddable":true,"href":"https:\/\/urbanizacionelbosque.org\/index.php\/wp-json\/wp\/v2\/pages\/6505"}],"wp:attachment":[{"href":"https:\/\/urbanizacionelbosque.org\/index.php\/wp-json\/wp\/v2\/media?parent=2763"}],"curies":[{"name":"wp","href":"https:\/\/api.w.org\/{rel}","templated":true}]}}