{"id":2786,"date":"2018-05-24T09:29:54","date_gmt":"2018-05-24T07:29:54","guid":{"rendered":"http:\/\/www.urbanizacionelbosque.org\/?page_id=2786"},"modified":"2024-05-21T17:58:28","modified_gmt":"2024-05-21T17:58:28","slug":"politica-de-cookies","status":"publish","type":"page","link":"https:\/\/urbanizacionelbosque.org\/index.php\/aviso-legal-y-politicas\/politica-de-cookies\/","title":{"rendered":"Pol\u00edtica de Cookies"},"content":{"rendered":"<p style=\"text-align: justify;\"><strong>INFORMACI\u00d3N SOBRE <\/strong><em><strong>COOKIES<\/strong><\/em><!-- \/wp:post-content -->\n\n<!-- wp:paragraph --><\/p>\n<p style=\"text-align: justify;\">Conforme con la Ley 34\/2002, de 11 de julio, de servicios de la sociedad de la informaci\u00f3n y de comercio electr\u00f3nico (LSSI), en relaci\u00f3n con el Reglamento (UE) 2016\/679 del Parlamento Europeo y del Consejo, de 27 de abril de 2016, General de Protecci\u00f3n de Datos (GDPR) y la Ley Org\u00e1nica 3\/2018, de 5 de diciembre, de Protecci\u00f3n de Datos y Garant\u00eda de los Derechos Digitales (LOPDGDD), es obligado obtener el consentimiento expreso del usuario de todas las p\u00e1ginas web que usan cookies prescindibles, antes de que este navegue por ellas.<!-- wp:paragraph \/--><\/p>\n<p style=\"text-align: justify;\"><strong>\u00bfQU\u00c9 SON LAS <\/strong><em><strong>COOKIES<\/strong><\/em><strong>?<\/strong><!-- wp:paragraph \/--><\/p>\n<p style=\"text-align: justify;\">Las <em>cookies <\/em>y otras tecnolog\u00edas similares tales como local shared objects, flash <em>cookies <\/em>o p\u00edxeles, son herramientas empleadas por los servidores Web para almacenar y recuperar informaci\u00f3n acerca de sus visitantes, as\u00ed como para ofrecer un correcto funcionamiento del sitio.<!-- \/wp:paragraph -->\n\n<!-- wp:paragraph --><\/p>\n<p style=\"text-align: justify;\">Mediante el uso de estos dispositivos se permite al servidor Web recordar algunos datos concernientes al usuario, como sus preferencias para la visualizaci\u00f3n de las p\u00e1ginas de ese servidor, nombre y contrase\u00f1a, productos que m\u00e1s le interesan, etc.<!-- wp:paragraph \/--><\/p>\n<p style=\"text-align: justify;\"><strong><em>COOKIES <\/em>AFECTADAS POR LA NORMATIVA Y <\/strong><em><strong>COOKIES <\/strong><\/em><strong>EXCEPTUADAS<\/strong><!-- wp:paragraph \/--><\/p>\n<p style=\"text-align: justify;\">Seg\u00fan la directiva de la UE, las <em>cookies <\/em>que requieren el consentimiento informado por parte del usuario son las <em>cookies <\/em>de anal\u00edtica y las de publicidad y afiliaci\u00f3n, quedando exceptuadas las de car\u00e1cter t\u00e9cnico y las necesarias para el funcionamiento del sitio web o la prestaci\u00f3n de servicios expresamente solicitados por el usuario.<!-- wp:paragraph \/--><\/p>\n<p style=\"text-align: justify;\"><strong>TIPOS DE <\/strong><em><strong>COOKIES<\/strong><\/em><!-- wp:paragraph \/--><\/p>\n<p style=\"text-align: justify;\"><strong>SEG\u00daN LA FINALIDAD<\/strong><!-- wp:list \/--><\/p>\n<ul style=\"text-align: justify;\">\n<li style=\"list-style-type: none;\">\n<ul>\n<li><em><strong>Cookies <\/strong><\/em><strong>t\u00e9cnicas y funcionales<\/strong>: son aquellas que permiten al usuario la navegaci\u00f3n a trav\u00e9s de una p\u00e1gina web, plataforma o aplicaci\u00f3n y la utilizaci\u00f3n de las diferentes opciones o servicios que en ella existan<em>.<\/em><\/li>\n<li><em style=\"font-size: 14px;\"><strong>Cookies <\/strong><\/em><strong style=\"font-size: 14px;\">anal\u00edticas<\/strong><span style=\"font-size: 14px;\">: son aquellas que permiten al responsable de las mismas el seguimiento y an\u00e1lisis del comportamiento de los usuarios de los sitios web a los que est\u00e1n vinculadas. La informaci\u00f3n recogida mediante este tipo de <\/span><em style=\"font-size: 14px;\">cookies<\/em><span style=\"font-size: 14px;\"> se utiliza en la medici\u00f3n de la actividad de los sitios web, aplicaci\u00f3n o plataforma y para la elaboraci\u00f3n de perfiles de navegaci\u00f3n de los usuarios de dichos sitios, aplicaciones y plataformas, con el fin de introducir mejoras en funci\u00f3n del an\u00e1lisis de los datos de uso que hacen los usuarios del servicio.<\/span><\/li>\n<li><em style=\"font-size: 14px;\"><strong>Cookies<\/strong><\/em> <strong style=\"font-size: 14px;\">publicitarias:<\/strong><span style=\"font-size: 14px;\"> son aquellas que permiten la gesti\u00f3n, de la forma m\u00e1s eficaz posible, de los espacios publicitarios que, en su caso, el editor haya incluido en una p\u00e1gina web, aplicaci\u00f3n o plataforma desde la que presta el servicio solicitado en base a criterios como el contenido editado o la frecuencia en la que se muestran los anuncios.<\/span><\/li>\n<li><em style=\"font-size: 14px;\"><strong>Cookies <\/strong><\/em><strong style=\"font-size: 14px;\">de publicidad comportamental<\/strong><span style=\"font-size: 14px;\">: recogen informaci\u00f3n sobre las preferencias y elecciones personales del usuario (<\/span><em style=\"font-size: 14px;\">retargeting<\/em><span style=\"font-size: 14px;\">) para permitir la gesti\u00f3n, de la forma m\u00e1s eficaz posible, de los espacios publicitarios que, en su caso, el editor haya incluido en una p\u00e1gina web, aplicaci\u00f3n o plataforma desde la que presta el servicio solicitado.<\/span><\/li>\n<li><em style=\"font-size: 14px;\"><strong>Cookies <\/strong><\/em><strong style=\"font-size: 14px;\">sociales<\/strong><span style=\"font-size: 14px;\">: son establecidas por las plataformas de redes sociales en los servicios para permitirle compartir contenido con sus amigos y redes. Las plataformas de medios sociales tienen la capacidad de rastrear su actividad en l\u00ednea fuera de los Servicios. Esto puede afectar al contenido y los mensajes que ve en otros servicios que visita.<\/span><\/li>\n<li><em style=\"font-size: 14px;\"><strong>Cookies <\/strong><\/em><strong style=\"font-size: 14px;\">de afiliados<\/strong><span style=\"font-size: 14px;\">: permiten hacer un seguimiento de las visitas procedentes de otras webs, con las que el sitio web establece un contrato de afiliaci\u00f3n (empresas de afiliaci\u00f3n).<\/span><\/li>\n<li><em style=\"font-size: 14px;\"><strong>Cookies <\/strong><\/em><strong style=\"font-size: 14px;\">de seguridad<\/strong><span style=\"font-size: 14px;\">: almacenan informaci\u00f3n cifrada para evitar que los datos guardados en ellas sean vulnerables a ataques maliciosos de terceros.<\/span><\/li>\n<\/ul>\n<\/li>\n<\/ul>\n<p style=\"text-align: justify;\"><strong>SEG\u00daN LA PROPIEDAD<\/strong><\/p>\n<ul style=\"text-align: justify;\">\n<li style=\"list-style-type: none;\">\n<ul>\n<li><em><strong>Cookies<\/strong><\/em><strong> propias<\/strong>: son aquellas que se env\u00edan al equipo terminal del usuario desde un equipo o dominio gestionado por el propio editor y desde el que se presta el servicio solicitado por el usuario.<\/li>\n<li><em style=\"font-size: 14px;\"><strong>Cookies<\/strong><\/em> <strong style=\"font-size: 14px;\">de terceros:<\/strong><span style=\"font-size: 14px;\"> son aquellas que se env\u00edan al equipo terminal del usuario desde un equipo o dominio que no es gestionado por el editor, sino por otra entidad que trata los datos obtenidos trav\u00e9s de las cookies.<\/span><\/li>\n<\/ul>\n<\/li>\n<\/ul>\n<p style=\"text-align: justify;\"><strong>SEG\u00daN EL PLAZO DE CONSERVACI\u00d3N<\/strong><\/p>\n<ul style=\"text-align: justify;\">\n<li style=\"list-style-type: none;\">\n<ul>\n<li><em><strong>Cookies<\/strong><\/em><strong> de sesi\u00f3n:<\/strong> son un tipo de <em>cookies<\/em> dise\u00f1adas para recabar y almacenar datos mientras el usuario accede a una p\u00e1gina web.<\/li>\n<li><em style=\"font-size: 14px;\"><strong>Cookies<\/strong><\/em><strong style=\"font-size: 14px;\"> persistentes:<\/strong><span style=\"font-size: 14px;\"> son un tipo de cookies en el que los datos siguen almacenados en el terminal y pueden ser accedidos y tratados durante un per\u00edodo definido por el responsable de la <\/span><em style=\"font-size: 14px;\">cookie<\/em><span style=\"font-size: 14px;\">, y que puede ir de unos minutos a varios a\u00f1os.<\/span><\/li>\n<\/ul>\n<\/li>\n<\/ul>\n<p style=\"text-align: justify;\"><strong>TRATAMIENTO DE DATOS PERSONALES<\/strong><!-- wp:paragraph \/--><\/p>\n<p style=\"text-align: justify;\">ENTIDAD URBAN\u00cdSTICA COLABORADORA DE CONSERVACI\u00d3N EL BOSQUE DE VILLAVICIOSA DE OD\u00d3N es el <strong>Responsable del tratamiento<\/strong> de los datos personales del <strong>Interesado <\/strong>y le informa de que estos datos ser\u00e1n tratados de conformidad con lo dispuesto en el Reglamento (UE) 2016\/679, de 27 de abril de 2016 (GDPR), por lo que se le facilita la siguiente informaci\u00f3n del tratamiento:<\/p>\n<p style=\"text-align: justify;\"><strong>Fines del tratamiento: <\/strong>seg\u00fan se especifica en el apartado de <em>cookies <\/em>que se utilizan en este sitio web.<!-- \/wp:paragraph -->\n\n<!-- wp:paragraph --><\/p>\n<p style=\"text-align: justify;\"><strong>Legitimaci\u00f3n del tratamiento<\/strong>: salvo en los casos en los que resulte necesario para la navegaci\u00f3n por la web, por consentimiento del interesado (art. 6.1 GDPR).<!-- \/wp:paragraph -->\n\n<!-- wp:paragraph --><\/p>\n<p style=\"text-align: justify;\"><strong>Criterios de conservaci\u00f3n de los datos<\/strong>: seg\u00fan se especifica en el apartado de <em>cookies <\/em>utilizadas en la web.<!-- wp:paragraph \/--><\/p>\n<p style=\"text-align: justify;\"><strong>Comunicaci\u00f3n de los datos<\/strong>: no se comunicar\u00e1n los datos a terceros, excepto en cookies propiedad de terceros o por obligaci\u00f3n legal.<!-- wp:paragraph \/--><\/p>\n<p style=\"text-align: justify;\"><strong>Derechos que asisten al Interesado<\/strong>:<!-- \/wp:paragraph -->\n\n<!-- wp:paragraph --><\/p>\n<p style=\"text-align: justify;\">&#8211; Derecho a retirar el consentimiento en cualquier momento. &#8211; Derecho de acceso, rectificaci\u00f3n, portabilidad y supresi\u00f3n de sus datos y a la limitaci\u00f3n u oposici\u00f3n a su tratamiento. &#8211; Derecho a presentar una reclamaci\u00f3n ante la Autoridad de control (www.aepd.es) si considera que el tratamiento no se ajusta a la normativa vigente.<!-- \/wp:paragraph -->\n\n<!-- wp:paragraph --><\/p>\n<p style=\"text-align: justify;\"><strong>Datos de contacto para ejercer sus derechos:<\/strong><!-- \/wp:paragraph -->\n\n<!-- wp:paragraph --><\/p>\n<p style=\"text-align: justify;\">Nombre de dominio: urbanizacionelbosque.org Nombre comercial: ENTIDAD URBAN\u00cdSTICA COLABORADORA DE CONSERVACI\u00d3N EL BOSQUE DE VILLAVICIOSA DE OD\u00d3N Denominaci\u00f3n social: ENTIDAD URBAN\u00cdSTICA COLABORADORA DE CONSERVACI\u00d3N EL BOSQUE DE VILLAVICIOSA DE OD\u00d3N E-mail: <a href=\"mailto:gdpr@urbanizacionelbosque.org\">gdpr@urbanizacionelbosque.org<\/a> <!-- wp:paragraph \/--><\/p>\n<p style=\"text-align: justify;\"><em><strong>COOKIES <\/strong><\/em><strong>UTILIZADAS EN ESTE SITIO WEB<\/strong><!-- \/wp:paragraph --><\/p>\n<!-- wp:table -->\n<figure class=\"wp-block-table\">\n<table>\n<tbody>\n<tr>\n<td><strong>PANEL DE CONFIGURACI\u00d3N<\/strong><\/td>\n<\/tr>\n<tr>\n<td><strong>COOKIES T\u00c9CNICAS Y FUNCIONALES<\/strong> No precisan consentimiento del usuario<\/td>\n<\/tr>\n<\/tbody>\n<\/table>\n<!-- wp:table --><\/figure>\n<figure class=\"wp-block-table\">\n<table>\n<tbody>\n<tr>\n<td>NOMBRE<\/td>\n<td>TIPO<\/td>\n<td>PROPIEDAD<\/td>\n<td>FINALIDAD<\/td>\n<td>PLAZO<\/td>\n<td>OBSERVACIONES<\/td>\n<\/tr>\n<tr>\n<td><strong>PHPSESSID<\/strong><\/td>\n<td>T\u00e9cnica<\/td>\n<td>Propia<\/td>\n<td>Contiene el identificador de la sesi\u00f3n<\/td>\n<td>Al cerrar el navegador<\/td>\n<td>Sesi\u00f3n<\/td>\n<\/tr>\n<tr>\n<td><strong>_lang<\/strong><\/td>\n<td>T\u00e9cnica<\/td>\n<td>Propia<\/td>\n<td>Contiene el idioma de la sesi\u00f3n<\/td>\n<td>Al cerrar el navegador<\/td>\n<td>Sesi\u00f3n<\/td>\n<\/tr>\n<tr>\n<td><strong>ac_cookies<\/strong><\/td>\n<td>T\u00e9cnica<\/td>\n<td>Propia<\/td>\n<td>Contiene el valor de si se ha aceptado la instalaci\u00f3n de cookies<\/td>\n<td>1 a\u00f1o<\/td>\n<td>Persistente<\/td>\n<\/tr>\n<tr>\n<td><strong>contador<\/strong><\/td>\n<td>T\u00e9cnica<\/td>\n<td>Propia<\/td>\n<td>Se utiliza para efectuar el recuento del n\u00famero de accesos a la p\u00e1gina por sesi\u00f3n<\/td>\n<td>1 a\u00f1o<\/td>\n<td>Persistente<\/td>\n<\/tr>\n<tr>\n<td><strong>viewed_cookie_policy<\/strong><\/td>\n<td>T\u00e9cnica<\/td>\n<td>Propia<\/td>\n<td>Se utiliza para recordar sus preferencias en cuanto a la Pol\u00edtica de Cookies establecida<\/td>\n<td>1 a\u00f1o<\/td>\n<td>Persistente<\/td>\n<\/tr>\n<tr>\n<td><strong>_icl_current_language<\/strong><\/td>\n<td>T\u00e9cnica<\/td>\n<td>Propia<\/td>\n<td>Se utiliza para recordar el idioma que ha seleccionado el usuario y mostrarle los contenidos en ese mismo idioma a lo largo de su navegaci\u00f3n<\/td>\n<td>1 a\u00f1o<\/td>\n<td>Sesi\u00f3n<\/td>\n<\/tr>\n<\/tbody>\n<\/table>\n<!-- \/wp:table --><\/figure>\n<!-- wp:table -->\n<figure class=\"wp-block-table\">\n<table>\n<tbody>\n<tr>\n<td colspan=\"2\"><strong>C\u00d3MO GESTIONAR LAS COOKIES DESDE EL NAVEGADOR<\/strong><\/td>\n<\/tr>\n<tr>\n<td><strong>Eliminar las cookies del dispositivo<\/strong><\/td>\n<td>Las cookies que ya est\u00e1n en un dispositivo se pueden eliminar borrando el historial del navegador, con lo que se suprimen las cookies de todos los sitios web visitados. Sin embargo, tambi\u00e9n se puede perder parte de la informaci\u00f3n guardada (por ejemplo, los datos de inicio de sesi\u00f3n o las preferencias de sitio web).<\/td>\n<\/tr>\n<tr>\n<td><strong>Gestionar las cookies espec\u00edficas del sitio<\/strong><\/td>\n<td>Para tener un control m\u00e1s preciso de las cookies espec\u00edficas de cada sitio, los usuarios pueden ajustar su configuraci\u00f3n de privacidad y cookies en el navegador.<\/td>\n<\/tr>\n<tr>\n<td><strong>Bloquear las cookies<\/strong><\/td>\n<td>Aunque la mayor\u00eda de los navegadores modernos se pueden configurar para evitar que se instalen cookies en los dispositivos, eso puede obligar al ajuste manual de determinadas preferencias cada vez que se visite un sitio o p\u00e1gina. Adem\u00e1s, algunos servicios y caracter\u00edsticas pueden no funcionar correctamente (por ejemplo, los inicios de sesi\u00f3n con perfil).<\/td>\n<\/tr>\n<\/tbody>\n<\/table>\n<!-- \/wp:table --><\/figure>\n<!-- wp:table -->\n<figure class=\"wp-block-table\">\n<table>\n<tbody>\n<tr>\n<td colspan=\"2\"><strong>C\u00d3MO ELIMINAR LAS COOKIES DE LOS NAVEGADORES M\u00c1S COMUNES<\/strong><\/td>\n<\/tr>\n<tr>\n<td><strong>Chrome<\/strong><\/td>\n<td><a href=\"http:\/\/support.google.com\/chrome\/answer\/95647?hl=es\" target=\"_blank\" rel=\"noreferrer noopener\">http:\/\/support.google.com\/chrome\/answer\/95647?hl=es<\/a><\/td>\n<\/tr>\n<tr>\n<td><strong>Edge<\/strong><\/td>\n<td><a href=\"https:\/\/support.microsoft.com\/es-es\/microsoft-edge\/eliminar-las-cookies-en-microsoft-edge-63947406-40ac-c3b8-57b9-2a946a29ae09\" target=\"_blank\" rel=\"noreferrer noopener\">https:\/\/support.microsoft.com\/es-es\/microsoft-edge\/eliminar-las-cookies-en-microsoft-edge-63947406-40ac-c3b8-57b9-2a946a29ae09<\/a><\/td>\n<\/tr>\n<tr>\n<td><strong>Explorer<\/strong><\/td>\n<td><a href=\"https:\/\/support.microsoft.com\/es-es\/help\/278835\/how-to-delete-cookie-files-in-internet-explorer\" target=\"_blank\" rel=\"noreferrer noopener\">https:\/\/support.microsoft.com\/es-es\/help\/278835\/how-to-delete-cookie-files-in-internet-explorer<\/a><\/td>\n<\/tr>\n<tr>\n<td><strong>Firefox<\/strong><\/td>\n<td><a href=\"https:\/\/www.mozilla.org\/es-ES\/privacy\/websites\/#cookies\">https:\/\/www.mozilla.org\/es-ES\/privacy\/websites\/#cookies<\/a><\/td>\n<\/tr>\n<tr>\n<td><strong>Safari<\/strong><\/td>\n<td><a href=\"https:\/\/support.apple.com\/es-es\/guide\/safari\/sfri11471\/mac\" target=\"_blank\" rel=\"noreferrer noopener\">https:\/\/support.apple.com\/es-es\/guide\/safari\/sfri11471\/mac<\/a><\/td>\n<\/tr>\n<tr>\n<td><strong>Opera<\/strong><\/td>\n<td><a href=\"https:\/\/help.opera.com\/en\/latest\/security-and-privacy\/#clearBrowsingData\">https:\/\/help.opera.com\/en\/latest\/security-and-privacy\/#clearBrowsingData<\/a><\/td>\n<\/tr>\n<\/tbody>\n<\/table>\n<\/figure><!-- \/wp:table -->","protected":false},"excerpt":{"rendered":"<p>INFORMACI\u00d3N SOBRE COOKIES Conforme con la Ley 34\/2002, de 11 de julio, de servicios de la sociedad de la informaci\u00f3n y de comercio electr\u00f3nico (LSSI), en relaci\u00f3n con el Reglamento (UE) 2016\/679 del Parlamento Europeo y del Consejo, de 27 de abril de 2016, General de Protecci\u00f3n de Datos (GDPR) y la Ley Org\u00e1nica 3\/2018, [&hellip;]<\/p>\n","protected":false},"author":1,"featured_media":0,"parent":6505,"menu_order":0,"comment_status":"closed","ping_status":"closed","template":"","meta":{"_et_pb_use_builder":"","_et_pb_old_content":"","_et_gb_content_width":"1080","footnotes":""},"class_list":["post-2786","page","type-page","status-publish","hentry"],"_links":{"self":[{"href":"https:\/\/urbanizacionelbosque.org\/index.php\/wp-json\/wp\/v2\/pages\/2786","targetHints":{"allow":["GET"]}}],"collection":[{"href":"https:\/\/urbanizacionelbosque.org\/index.php\/wp-json\/wp\/v2\/pages"}],"about":[{"href":"https:\/\/urbanizacionelbosque.org\/index.php\/wp-json\/wp\/v2\/types\/page"}],"author":[{"embeddable":true,"href":"https:\/\/urbanizacionelbosque.org\/index.php\/wp-json\/wp\/v2\/users\/1"}],"replies":[{"embeddable":true,"href":"https:\/\/urbanizacionelbosque.org\/index.php\/wp-json\/wp\/v2\/comments?post=2786"}],"version-history":[{"count":2,"href":"https:\/\/urbanizacionelbosque.org\/index.php\/wp-json\/wp\/v2\/pages\/2786\/revisions"}],"predecessor-version":[{"id":6585,"href":"https:\/\/urbanizacionelbosque.org\/index.php\/wp-json\/wp\/v2\/pages\/2786\/revisions\/6585"}],"up":[{"embeddable":true,"href":"https:\/\/urbanizacionelbosque.org\/index.php\/wp-json\/wp\/v2\/pages\/6505"}],"wp:attachment":[{"href":"https:\/\/urbanizacionelbosque.org\/index.php\/wp-json\/wp\/v2\/media?parent=2786"}],"curies":[{"name":"wp","href":"https:\/\/api.w.org\/{rel}","templated":true}]}}